{"id":7,"date":"2019-01-11T11:49:49","date_gmt":"2019-01-11T11:49:49","guid":{"rendered":"http:\/\/localhost\/bith\/?page_id=7"},"modified":"2019-01-13T01:47:57","modified_gmt":"2019-01-13T00:47:57","slug":"profil","status":"publish","type":"page","link":"https:\/\/www.bith.eu\/index.php\/profil\/","title":{"rendered":"Unser Profil"},"content":{"rendered":"\n<p>Erfahrung<\/p>\n\n\n\n<ul><li>Seit 1985 als Au\u00dfenhandelskaufmann mit eigener Firma Sitz Hamburg erfolgreich t\u00e4tig<\/li><li>International mit verschiedenen Firmen und selbstst\u00e4ndigen Gesch\u00e4ftspartnern verbunden<\/li><li>Langj\u00e4hriger Experte in Beratung und Durchf\u00fchrung von Projekten in verschiedenen T\u00e4tigkeitsbereichen<\/li><\/ul>\n\n\n\n<p><\/p>\n","protected":false},"excerpt":{"rendered":"<p>Erfahrung Seit 1985 als Au\u00dfenhandelskaufmann mit eigener Firma Sitz Hamburg erfolgreich t\u00e4tig International mit verschiedenen Firmen und selbstst\u00e4ndigen Gesch\u00e4ftspartnern verbunden Langj\u00e4hriger Experte in Beratung und Durchf\u00fchrung von Projekten in verschiedenen T\u00e4tigkeitsbereichen<\/p>\n","protected":false},"author":1,"featured_media":6,"parent":0,"menu_order":0,"comment_status":"closed","ping_status":"closed","template":"","meta":[],"_links":{"self":[{"href":"https:\/\/www.bith.eu\/index.php\/wp-json\/wp\/v2\/pages\/7"}],"collection":[{"href":"https:\/\/www.bith.eu\/index.php\/wp-json\/wp\/v2\/pages"}],"about":[{"href":"https:\/\/www.bith.eu\/index.php\/wp-json\/wp\/v2\/types\/page"}],"author":[{"embeddable":true,"href":"https:\/\/www.bith.eu\/index.php\/wp-json\/wp\/v2\/users\/1"}],"replies":[{"embeddable":true,"href":"https:\/\/www.bith.eu\/index.php\/wp-json\/wp\/v2\/comments?post=7"}],"version-history":[{"count":5,"href":"https:\/\/www.bith.eu\/index.php\/wp-json\/wp\/v2\/pages\/7\/revisions"}],"predecessor-version":[{"id":76,"href":"https:\/\/www.bith.eu\/index.php\/wp-json\/wp\/v2\/pages\/7\/revisions\/76"}],"wp:featuredmedia":[{"embeddable":true,"href":"https:\/\/www.bith.eu\/index.php\/wp-json\/wp\/v2\/media\/6"}],"wp:attachment":[{"href":"https:\/\/www.bith.eu\/index.php\/wp-json\/wp\/v2\/media?parent=7"}],"curies":[{"name":"wp","href":"https:\/\/api.w.org\/{rel}","templated":true}]}}